{"id":4226,"date":"2025-04-23T11:30:53","date_gmt":"2025-04-23T11:30:53","guid":{"rendered":"https:\/\/nux.wpenginepowered.com\/contact-us"},"modified":"2026-03-10T16:40:26","modified_gmt":"2026-03-10T16:40:26","slug":"contact-us","status":"publish","type":"page","link":"https:\/\/nuxgame.com\/es\/contact-us","title":{"rendered":"Cont\u00e1ctanos"},"content":{"rendered":"","protected":false},"excerpt":{"rendered":"","protected":false},"author":1,"featured_media":0,"parent":0,"menu_order":0,"comment_status":"closed","ping_status":"closed","template":"templates\/acf-flexible-content.php","meta":{"_acf_changed":false,"footnotes":""},"class_list":["post-4226","page","type-page","status-publish","hentry"],"acf":[],"yoast_head":"<!-- This site is optimized with the Yoast SEO Premium plugin v27.4 (Yoast SEO v27.4) - https:\/\/yoast.com\/product\/yoast-seo-premium-wordpress\/ -->\n<title>Soporte y Ventas | Contacto NuxGame<\/title>\n<meta name=\"description\" content=\"Env\u00eda tu consulta y nuestro equipo te ayudar\u00e1 con precios, integraci\u00f3n, etiqueta blanca y expansi\u00f3n a nuevos mercados.\" \/>\n<meta name=\"robots\" content=\"index, follow, max-snippet:-1, max-image-preview:large, max-video-preview:-1\" \/>\n<link rel=\"canonical\" href=\"https:\/\/nuxgame.com\/es\/contact-us\" \/>\n<meta property=\"og:locale\" content=\"es_ES\" \/>\n<meta property=\"og:type\" content=\"article\" \/>\n<meta property=\"og:title\" content=\"Cont\u00e1ctanos\" \/>\n<meta property=\"og:description\" content=\"Env\u00eda tu consulta y nuestro equipo te ayudar\u00e1 con precios, integraci\u00f3n, etiqueta blanca y expansi\u00f3n a nuevos mercados.\" \/>\n<meta property=\"og:url\" content=\"https:\/\/nuxgame.com\/es\/contact-us\" \/>\n<meta property=\"og:site_name\" content=\"NuxGame\" \/>\n<meta property=\"article:publisher\" content=\"https:\/\/www.facebook.com\/nuxgame\/\" \/>\n<meta property=\"article:modified_time\" content=\"2026-03-10T16:40:26+00:00\" \/>\n<meta property=\"og:image\" content=\"https:\/\/nuxgame.com\/wp-content\/uploads\/2026\/01\/casino_loyalty_programs.webp\" \/>\n\t<meta property=\"og:image:width\" content=\"1200\" \/>\n\t<meta property=\"og:image:height\" content=\"600\" \/>\n\t<meta property=\"og:image:type\" content=\"image\/webp\" \/>\n<script type=\"application\/ld+json\" class=\"yoast-schema-graph\">{\"@context\":\"https:\\\/\\\/schema.org\",\"@graph\":[{\"@type\":\"WebPage\",\"@id\":\"https:\\\/\\\/nuxgame.com\\\/es\\\/contact-us\",\"url\":\"https:\\\/\\\/nuxgame.com\\\/es\\\/contact-us\",\"name\":\"Soporte y Ventas | Contacto NuxGame\",\"isPartOf\":{\"@id\":\"https:\\\/\\\/nuxgame.com\\\/es\\\/#website\"},\"datePublished\":\"2025-04-23T11:30:53+00:00\",\"dateModified\":\"2026-03-10T16:40:26+00:00\",\"description\":\"Env\u00eda tu consulta y nuestro equipo te ayudar\u00e1 con precios, integraci\u00f3n, etiqueta blanca y expansi\u00f3n a nuevos mercados.\",\"breadcrumb\":{\"@id\":\"https:\\\/\\\/nuxgame.com\\\/es\\\/contact-us#breadcrumb\"},\"inLanguage\":\"es-ES\",\"potentialAction\":[{\"@type\":\"ReadAction\",\"target\":[\"https:\\\/\\\/nuxgame.com\\\/es\\\/contact-us\"]}]},{\"@type\":\"BreadcrumbList\",\"@id\":\"https:\\\/\\\/nuxgame.com\\\/es\\\/contact-us#breadcrumb\",\"itemListElement\":[{\"@type\":\"ListItem\",\"position\":1,\"name\":\"iGaming Software Provider\",\"item\":\"https:\\\/\\\/nuxgame.com\\\/es\"},{\"@type\":\"ListItem\",\"position\":2,\"name\":\"Cont\u00e1ctanos\"}]},{\"@type\":\"WebSite\",\"@id\":\"https:\\\/\\\/nuxgame.com\\\/es\\\/#website\",\"url\":\"https:\\\/\\\/nuxgame.com\\\/es\\\/\",\"name\":\"NuxGame\",\"description\":\"\",\"publisher\":{\"@id\":\"https:\\\/\\\/nuxgame.com\\\/es\\\/#organization\"},\"potentialAction\":[{\"@type\":\"SearchAction\",\"target\":{\"@type\":\"EntryPoint\",\"urlTemplate\":\"https:\\\/\\\/nuxgame.com\\\/es\\\/?s={search_term_string}\"},\"query-input\":{\"@type\":\"PropertyValueSpecification\",\"valueRequired\":true,\"valueName\":\"search_term_string\"}}],\"inLanguage\":\"es-ES\"},{\"@type\":\"Organization\",\"@id\":\"https:\\\/\\\/nuxgame.com\\\/es\\\/#organization\",\"name\":\"NuxGame\",\"url\":\"https:\\\/\\\/nuxgame.com\\\/es\\\/\",\"logo\":{\"@type\":\"ImageObject\",\"inLanguage\":\"es-ES\",\"@id\":\"https:\\\/\\\/nuxgame.com\\\/es\\\/#\\\/schema\\\/logo\\\/image\\\/\",\"url\":\"https:\\\/\\\/nuxgame.com\\\/wp-content\\\/uploads\\\/2025\\\/04\\\/logo-1.svg\",\"contentUrl\":\"https:\\\/\\\/nuxgame.com\\\/wp-content\\\/uploads\\\/2025\\\/04\\\/logo-1.svg\",\"caption\":\"NuxGame\"},\"image\":{\"@id\":\"https:\\\/\\\/nuxgame.com\\\/es\\\/#\\\/schema\\\/logo\\\/image\\\/\"},\"sameAs\":[\"https:\\\/\\\/www.facebook.com\\\/nuxgame\\\/\",\"https:\\\/\\\/www.linkedin.com\\\/company\\\/nuxgame\\\/\"]}]}<\/script>\n<!-- \/ Yoast SEO Premium plugin. -->","yoast_head_json":{"title":"Soporte y Ventas | Contacto NuxGame","description":"Env\u00eda tu consulta y nuestro equipo te ayudar\u00e1 con precios, integraci\u00f3n, etiqueta blanca y expansi\u00f3n a nuevos mercados.","robots":{"index":"index","follow":"follow","max-snippet":"max-snippet:-1","max-image-preview":"max-image-preview:large","max-video-preview":"max-video-preview:-1"},"canonical":"https:\/\/nuxgame.com\/es\/contact-us","og_locale":"es_ES","og_type":"article","og_title":"Cont\u00e1ctanos","og_description":"Env\u00eda tu consulta y nuestro equipo te ayudar\u00e1 con precios, integraci\u00f3n, etiqueta blanca y expansi\u00f3n a nuevos mercados.","og_url":"https:\/\/nuxgame.com\/es\/contact-us","og_site_name":"NuxGame","article_publisher":"https:\/\/www.facebook.com\/nuxgame\/","article_modified_time":"2026-03-10T16:40:26+00:00","og_image":[{"width":1200,"height":600,"url":"https:\/\/nuxgame.com\/wp-content\/uploads\/2026\/01\/casino_loyalty_programs.webp","type":"image\/webp"}],"schema":{"@context":"https:\/\/schema.org","@graph":[{"@type":"WebPage","@id":"https:\/\/nuxgame.com\/es\/contact-us","url":"https:\/\/nuxgame.com\/es\/contact-us","name":"Soporte y Ventas | Contacto NuxGame","isPartOf":{"@id":"https:\/\/nuxgame.com\/es\/#website"},"datePublished":"2025-04-23T11:30:53+00:00","dateModified":"2026-03-10T16:40:26+00:00","description":"Env\u00eda tu consulta y nuestro equipo te ayudar\u00e1 con precios, integraci\u00f3n, etiqueta blanca y expansi\u00f3n a nuevos mercados.","breadcrumb":{"@id":"https:\/\/nuxgame.com\/es\/contact-us#breadcrumb"},"inLanguage":"es-ES","potentialAction":[{"@type":"ReadAction","target":["https:\/\/nuxgame.com\/es\/contact-us"]}]},{"@type":"BreadcrumbList","@id":"https:\/\/nuxgame.com\/es\/contact-us#breadcrumb","itemListElement":[{"@type":"ListItem","position":1,"name":"iGaming Software Provider","item":"https:\/\/nuxgame.com\/es"},{"@type":"ListItem","position":2,"name":"Cont\u00e1ctanos"}]},{"@type":"WebSite","@id":"https:\/\/nuxgame.com\/es\/#website","url":"https:\/\/nuxgame.com\/es\/","name":"NuxGame","description":"","publisher":{"@id":"https:\/\/nuxgame.com\/es\/#organization"},"potentialAction":[{"@type":"SearchAction","target":{"@type":"EntryPoint","urlTemplate":"https:\/\/nuxgame.com\/es\/?s={search_term_string}"},"query-input":{"@type":"PropertyValueSpecification","valueRequired":true,"valueName":"search_term_string"}}],"inLanguage":"es-ES"},{"@type":"Organization","@id":"https:\/\/nuxgame.com\/es\/#organization","name":"NuxGame","url":"https:\/\/nuxgame.com\/es\/","logo":{"@type":"ImageObject","inLanguage":"es-ES","@id":"https:\/\/nuxgame.com\/es\/#\/schema\/logo\/image\/","url":"https:\/\/nuxgame.com\/wp-content\/uploads\/2025\/04\/logo-1.svg","contentUrl":"https:\/\/nuxgame.com\/wp-content\/uploads\/2025\/04\/logo-1.svg","caption":"NuxGame"},"image":{"@id":"https:\/\/nuxgame.com\/es\/#\/schema\/logo\/image\/"},"sameAs":["https:\/\/www.facebook.com\/nuxgame\/","https:\/\/www.linkedin.com\/company\/nuxgame\/"]}]}},"_links":{"self":[{"href":"https:\/\/nuxgame.com\/es\/wp-json\/wp\/v2\/pages\/4226","targetHints":{"allow":["GET"]}}],"collection":[{"href":"https:\/\/nuxgame.com\/es\/wp-json\/wp\/v2\/pages"}],"about":[{"href":"https:\/\/nuxgame.com\/es\/wp-json\/wp\/v2\/types\/page"}],"author":[{"embeddable":true,"href":"https:\/\/nuxgame.com\/es\/wp-json\/wp\/v2\/users\/1"}],"replies":[{"embeddable":true,"href":"https:\/\/nuxgame.com\/es\/wp-json\/wp\/v2\/comments?post=4226"}],"version-history":[{"count":0,"href":"https:\/\/nuxgame.com\/es\/wp-json\/wp\/v2\/pages\/4226\/revisions"}],"wp:attachment":[{"href":"https:\/\/nuxgame.com\/es\/wp-json\/wp\/v2\/media?parent=4226"}],"curies":[{"name":"wp","href":"https:\/\/api.w.org\/{rel}","templated":true}]}}