{"id":4273,"date":"2025-04-23T11:29:40","date_gmt":"2025-04-23T11:29:40","guid":{"rendered":"https:\/\/nux.wpenginepowered.com\/partners"},"modified":"2026-04-29T13:37:24","modified_gmt":"2026-04-29T13:37:24","slug":"partners","status":"publish","type":"page","link":"https:\/\/nuxgame.com\/es\/partners","title":{"rendered":"Socios comerciales"},"content":{"rendered":"","protected":false},"excerpt":{"rendered":"","protected":false},"author":1,"featured_media":10506,"parent":0,"menu_order":0,"comment_status":"closed","ping_status":"closed","template":"templates\/page-partners.php","meta":{"_acf_changed":false,"footnotes":""},"class_list":["post-4273","page","type-page","status-publish","has-post-thumbnail","hentry"],"acf":[],"yoast_head":"<!-- This site is optimized with the Yoast SEO Premium plugin v27.4 (Yoast SEO v27.4) - https:\/\/yoast.com\/product\/yoast-seo-premium-wordpress\/ -->\n<title>Socios | NuxGame<\/title>\n<meta name=\"description\" content=\"Podemos proporcionar software de calidad y soluciones altamente tecnol\u00f3gicas para nuestros clientes. Gracias a las asociaciones confiables con l\u00edderes en el mundo de la tecnolog\u00eda moderna, hemos logrado este objetivo.\" \/>\n<meta name=\"robots\" content=\"index, follow, max-snippet:-1, max-image-preview:large, max-video-preview:-1\" \/>\n<link rel=\"canonical\" href=\"https:\/\/nuxgame.com\/es\/partners\" \/>\n<meta property=\"og:locale\" content=\"es_ES\" \/>\n<meta property=\"og:type\" content=\"article\" \/>\n<meta property=\"og:title\" content=\"Socios comerciales\" \/>\n<meta property=\"og:description\" content=\"Podemos proporcionar software de calidad y soluciones altamente tecnol\u00f3gicas para nuestros clientes. Gracias a las asociaciones confiables con l\u00edderes en el mundo de la tecnolog\u00eda moderna, hemos logrado este objetivo.\" \/>\n<meta property=\"og:url\" content=\"https:\/\/nuxgame.com\/es\/partners\" \/>\n<meta property=\"og:site_name\" content=\"NuxGame\" \/>\n<meta property=\"article:publisher\" content=\"https:\/\/www.facebook.com\/nuxgame\/\" \/>\n<meta property=\"article:modified_time\" content=\"2026-04-29T13:37:24+00:00\" \/>\n<meta property=\"og:image\" content=\"https:\/\/nuxgame.com\/wp-content\/uploads\/2026\/03\/Partners.png\" \/>\n\t<meta property=\"og:image:width\" content=\"2000\" \/>\n\t<meta property=\"og:image:height\" content=\"2000\" \/>\n\t<meta property=\"og:image:type\" content=\"image\/png\" \/>\n<meta name=\"twitter:label1\" content=\"Est. reading time\" \/>\n\t<meta name=\"twitter:data1\" content=\"1 minute\" \/>\n<script type=\"application\/ld+json\" class=\"yoast-schema-graph\">{\"@context\":\"https:\\\/\\\/schema.org\",\"@graph\":[{\"@type\":\"WebPage\",\"@id\":\"https:\\\/\\\/nuxgame.com\\\/es\\\/partners\",\"url\":\"https:\\\/\\\/nuxgame.com\\\/es\\\/partners\",\"name\":\"Socios | NuxGame\",\"isPartOf\":{\"@id\":\"https:\\\/\\\/nuxgame.com\\\/es\\\/#website\"},\"primaryImageOfPage\":{\"@id\":\"https:\\\/\\\/nuxgame.com\\\/es\\\/partners#primaryimage\"},\"image\":{\"@id\":\"https:\\\/\\\/nuxgame.com\\\/es\\\/partners#primaryimage\"},\"thumbnailUrl\":\"https:\\\/\\\/nuxgame.com\\\/wp-content\\\/uploads\\\/2026\\\/03\\\/Partners.png\",\"datePublished\":\"2025-04-23T11:29:40+00:00\",\"dateModified\":\"2026-04-29T13:37:24+00:00\",\"description\":\"Podemos proporcionar software de calidad y soluciones altamente tecnol\u00f3gicas para nuestros clientes. Gracias a las asociaciones confiables con l\u00edderes en el mundo de la tecnolog\u00eda moderna, hemos logrado este objetivo.\",\"breadcrumb\":{\"@id\":\"https:\\\/\\\/nuxgame.com\\\/es\\\/partners#breadcrumb\"},\"inLanguage\":\"es-ES\",\"potentialAction\":[{\"@type\":\"ReadAction\",\"target\":[\"https:\\\/\\\/nuxgame.com\\\/es\\\/partners\"]}]},{\"@type\":\"ImageObject\",\"inLanguage\":\"es-ES\",\"@id\":\"https:\\\/\\\/nuxgame.com\\\/es\\\/partners#primaryimage\",\"url\":\"https:\\\/\\\/nuxgame.com\\\/wp-content\\\/uploads\\\/2026\\\/03\\\/Partners.png\",\"contentUrl\":\"https:\\\/\\\/nuxgame.com\\\/wp-content\\\/uploads\\\/2026\\\/03\\\/Partners.png\",\"width\":2000,\"height\":2000,\"caption\":\"Partners\"},{\"@type\":\"BreadcrumbList\",\"@id\":\"https:\\\/\\\/nuxgame.com\\\/es\\\/partners#breadcrumb\",\"itemListElement\":[{\"@type\":\"ListItem\",\"position\":1,\"name\":\"iGaming Software Provider\",\"item\":\"https:\\\/\\\/nuxgame.com\\\/es\"},{\"@type\":\"ListItem\",\"position\":2,\"name\":\"Socios comerciales\"}]},{\"@type\":\"WebSite\",\"@id\":\"https:\\\/\\\/nuxgame.com\\\/es\\\/#website\",\"url\":\"https:\\\/\\\/nuxgame.com\\\/es\\\/\",\"name\":\"NuxGame\",\"description\":\"\",\"publisher\":{\"@id\":\"https:\\\/\\\/nuxgame.com\\\/es\\\/#organization\"},\"potentialAction\":[{\"@type\":\"SearchAction\",\"target\":{\"@type\":\"EntryPoint\",\"urlTemplate\":\"https:\\\/\\\/nuxgame.com\\\/es\\\/?s={search_term_string}\"},\"query-input\":{\"@type\":\"PropertyValueSpecification\",\"valueRequired\":true,\"valueName\":\"search_term_string\"}}],\"inLanguage\":\"es-ES\"},{\"@type\":\"Organization\",\"@id\":\"https:\\\/\\\/nuxgame.com\\\/es\\\/#organization\",\"name\":\"NuxGame\",\"url\":\"https:\\\/\\\/nuxgame.com\\\/es\\\/\",\"logo\":{\"@type\":\"ImageObject\",\"inLanguage\":\"es-ES\",\"@id\":\"https:\\\/\\\/nuxgame.com\\\/es\\\/#\\\/schema\\\/logo\\\/image\\\/\",\"url\":\"https:\\\/\\\/nuxgame.com\\\/wp-content\\\/uploads\\\/2025\\\/04\\\/logo-1.svg\",\"contentUrl\":\"https:\\\/\\\/nuxgame.com\\\/wp-content\\\/uploads\\\/2025\\\/04\\\/logo-1.svg\",\"caption\":\"NuxGame\"},\"image\":{\"@id\":\"https:\\\/\\\/nuxgame.com\\\/es\\\/#\\\/schema\\\/logo\\\/image\\\/\"},\"sameAs\":[\"https:\\\/\\\/www.facebook.com\\\/nuxgame\\\/\",\"https:\\\/\\\/www.linkedin.com\\\/company\\\/nuxgame\\\/\"]}]}<\/script>\n<!-- \/ Yoast SEO Premium plugin. -->","yoast_head_json":{"title":"Socios | NuxGame","description":"Podemos proporcionar software de calidad y soluciones altamente tecnol\u00f3gicas para nuestros clientes. Gracias a las asociaciones confiables con l\u00edderes en el mundo de la tecnolog\u00eda moderna, hemos logrado este objetivo.","robots":{"index":"index","follow":"follow","max-snippet":"max-snippet:-1","max-image-preview":"max-image-preview:large","max-video-preview":"max-video-preview:-1"},"canonical":"https:\/\/nuxgame.com\/es\/partners","og_locale":"es_ES","og_type":"article","og_title":"Socios comerciales","og_description":"Podemos proporcionar software de calidad y soluciones altamente tecnol\u00f3gicas para nuestros clientes. Gracias a las asociaciones confiables con l\u00edderes en el mundo de la tecnolog\u00eda moderna, hemos logrado este objetivo.","og_url":"https:\/\/nuxgame.com\/es\/partners","og_site_name":"NuxGame","article_publisher":"https:\/\/www.facebook.com\/nuxgame\/","article_modified_time":"2026-04-29T13:37:24+00:00","og_image":[{"width":2000,"height":2000,"url":"https:\/\/nuxgame.com\/wp-content\/uploads\/2026\/03\/Partners.png","type":"image\/png"}],"twitter_misc":{"Est. reading time":"1 minute"},"schema":{"@context":"https:\/\/schema.org","@graph":[{"@type":"WebPage","@id":"https:\/\/nuxgame.com\/es\/partners","url":"https:\/\/nuxgame.com\/es\/partners","name":"Socios | NuxGame","isPartOf":{"@id":"https:\/\/nuxgame.com\/es\/#website"},"primaryImageOfPage":{"@id":"https:\/\/nuxgame.com\/es\/partners#primaryimage"},"image":{"@id":"https:\/\/nuxgame.com\/es\/partners#primaryimage"},"thumbnailUrl":"https:\/\/nuxgame.com\/wp-content\/uploads\/2026\/03\/Partners.png","datePublished":"2025-04-23T11:29:40+00:00","dateModified":"2026-04-29T13:37:24+00:00","description":"Podemos proporcionar software de calidad y soluciones altamente tecnol\u00f3gicas para nuestros clientes. Gracias a las asociaciones confiables con l\u00edderes en el mundo de la tecnolog\u00eda moderna, hemos logrado este objetivo.","breadcrumb":{"@id":"https:\/\/nuxgame.com\/es\/partners#breadcrumb"},"inLanguage":"es-ES","potentialAction":[{"@type":"ReadAction","target":["https:\/\/nuxgame.com\/es\/partners"]}]},{"@type":"ImageObject","inLanguage":"es-ES","@id":"https:\/\/nuxgame.com\/es\/partners#primaryimage","url":"https:\/\/nuxgame.com\/wp-content\/uploads\/2026\/03\/Partners.png","contentUrl":"https:\/\/nuxgame.com\/wp-content\/uploads\/2026\/03\/Partners.png","width":2000,"height":2000,"caption":"Partners"},{"@type":"BreadcrumbList","@id":"https:\/\/nuxgame.com\/es\/partners#breadcrumb","itemListElement":[{"@type":"ListItem","position":1,"name":"iGaming Software Provider","item":"https:\/\/nuxgame.com\/es"},{"@type":"ListItem","position":2,"name":"Socios comerciales"}]},{"@type":"WebSite","@id":"https:\/\/nuxgame.com\/es\/#website","url":"https:\/\/nuxgame.com\/es\/","name":"NuxGame","description":"","publisher":{"@id":"https:\/\/nuxgame.com\/es\/#organization"},"potentialAction":[{"@type":"SearchAction","target":{"@type":"EntryPoint","urlTemplate":"https:\/\/nuxgame.com\/es\/?s={search_term_string}"},"query-input":{"@type":"PropertyValueSpecification","valueRequired":true,"valueName":"search_term_string"}}],"inLanguage":"es-ES"},{"@type":"Organization","@id":"https:\/\/nuxgame.com\/es\/#organization","name":"NuxGame","url":"https:\/\/nuxgame.com\/es\/","logo":{"@type":"ImageObject","inLanguage":"es-ES","@id":"https:\/\/nuxgame.com\/es\/#\/schema\/logo\/image\/","url":"https:\/\/nuxgame.com\/wp-content\/uploads\/2025\/04\/logo-1.svg","contentUrl":"https:\/\/nuxgame.com\/wp-content\/uploads\/2025\/04\/logo-1.svg","caption":"NuxGame"},"image":{"@id":"https:\/\/nuxgame.com\/es\/#\/schema\/logo\/image\/"},"sameAs":["https:\/\/www.facebook.com\/nuxgame\/","https:\/\/www.linkedin.com\/company\/nuxgame\/"]}]}},"_links":{"self":[{"href":"https:\/\/nuxgame.com\/es\/wp-json\/wp\/v2\/pages\/4273","targetHints":{"allow":["GET"]}}],"collection":[{"href":"https:\/\/nuxgame.com\/es\/wp-json\/wp\/v2\/pages"}],"about":[{"href":"https:\/\/nuxgame.com\/es\/wp-json\/wp\/v2\/types\/page"}],"author":[{"embeddable":true,"href":"https:\/\/nuxgame.com\/es\/wp-json\/wp\/v2\/users\/1"}],"replies":[{"embeddable":true,"href":"https:\/\/nuxgame.com\/es\/wp-json\/wp\/v2\/comments?post=4273"}],"version-history":[{"count":0,"href":"https:\/\/nuxgame.com\/es\/wp-json\/wp\/v2\/pages\/4273\/revisions"}],"wp:featuredmedia":[{"embeddable":true,"href":"https:\/\/nuxgame.com\/es\/wp-json\/wp\/v2\/media\/10506"}],"wp:attachment":[{"href":"https:\/\/nuxgame.com\/es\/wp-json\/wp\/v2\/media?parent=4273"}],"curies":[{"name":"wp","href":"https:\/\/api.w.org\/{rel}","templated":true}]}}