{"id":7244,"date":"2025-08-07T12:56:48","date_gmt":"2025-08-07T12:56:48","guid":{"rendered":"https:\/\/nux.wpenginepowered.com\/?page_id=7244"},"modified":"2026-03-03T07:46:57","modified_gmt":"2026-03-03T07:46:57","slug":"cookie-policy","status":"publish","type":"page","link":"https:\/\/nuxgame.com\/es\/cookie-policy","title":{"rendered":"Cookie Policy"},"content":{"rendered":"<section class=\"termsWrapper\">\n<div class=\"container\">\n<h1 class=\"title center\">Cookie Policy<\/h1>\n<div class=\"termsInnerWrapper\">\n<p>This Cookie Policy (hereinafter \u201c<strong>Policy<\/strong>\u201d) explains which information is gathered, how and for which purpose Cookies are needed. Below you can read more about Cookies and how to deactivate their appearance and storage. However, please pay attention that partial or full Cookies disabling may downgrade, fracture or prevent you from use of certain elements of the Website\u2019s functionality.<\/p>\n<p>In this Policy, any use of the words:<\/p>\n<ul>\n<li>as \u201c<strong>Nuxgame<\/strong>\u201d, \u201c<strong>we<\/strong>\u201d, \u201c<strong>us<\/strong>\u201d, \u201c<strong>our<\/strong>\u201d expressions shall mean the brand NuxGame;<\/li>\n<li>as \u201c<strong>you<\/strong>\u201d, \u201c<strong>yours<\/strong>\u201d, \u201c<strong>user<\/strong>\u201d, similar or identical expressions shall mean any visitor of this Website whatsoever;<\/li>\n<li>as \u201c<strong>browser<\/strong>\u201d shall include but not limited to any publicly available search browsers, such as: Chrome, Firefox, Internet Explorer, Opera, Safari 5 (for Mac), etc.<\/li>\n<\/ul>\n<h2>WHAT ARE COOKIES?<\/h2>\n<p>Cookies are small files consisting of numbers and\/or letters that are stored in your web browser that provide the possibility to recognize your computer or other device which you use to visit the Website. Those files do not include names, contact or other personal data, due to the fact that they generally contain anonymous information which is used or required for the better user experience and overall Website secure functionality.<\/p>\n<p>For the purpose of better Cookies understanding and making a well-informed choice, we recommend to visit a respective browser Cookies guide or visit www.aboutcookies.org or www.allaboutcookies.org.<\/p>\n<h2>COOKIES APPEARANCE AND DISABLING<\/h2>\n<p>When you enter the Website, you will be informed with a respective Cookie Notice at the bottom of the Website. Any user is free to decide whether to accept or reject some or all types of Cookies with possibility to control (meaning: to allow; delete; clear or block any, including bot limited to third party Cookies) through the device browser settings. If you continue to use the Website without adjusting your browser settings, the Cookies will be used and collected as set out in this Policy.<\/p>\n<h2>COOKIES USAGE AND STORAGE<\/h2>\n<p>This Website Cookies are used for the listed below purposes:<\/p>\n<ul>\n<li>to improve your user experience, language adaptability, aggregate statistical information as of the average number and way of the Website usage by visitors. Based on this data we can allocate the Website resources in more sufficient, balanced and optimized (best format for your device or browser) way for the best user experience;<\/li>\n<li>to enable certain functions, such as: navigation and access to some Website areas with further user movement analytics and anonymous data collections. Based on this data we can understand how simple and user-friendly Website interaction is and what can be additionally modified and\/or changed.<\/li>\n<li>to collect information as of any bugs, errors or performance issue in connection with the user Website usage experience and\/or Website overall performance. Based on this data we can correct any Website performance or functionality issues; in some cases, this information will help us to foresee some bugs or errors.<\/li>\n<li>to predict, prevent, prohibit, block or stop any suspicious or illegal (including, but not limited to malware, unauthorized data collections etc.) Website usage.<\/li>\n<\/ul>\n<h2>WHAT COOKIES ARE USED ON THE WEBSITE?<\/h2>\n<p>Cookies can be set by Nuxgame (First Party Cookies) or by another company (Third Party Cookies):<\/p>\n<ul>\n<li><strong>First Party Cookies.<\/strong> These Cookies are not accessible or readable by anyone except Nuxgame due to the fact that they are settled and handled directly by us.<\/li>\n<li><strong>Third Party Cookies.<\/strong> These Cookies are settled by approved Third Parties like Google Analytics, Facebook, CloudFlare which are the most widespread and trusted solutions.<\/li>\n<\/ul>\n<h3>Essential Cookies<\/h3>\n<p>These Cookies enable user to navigate through the Website and use its features as they were developed and intended to work. For Example: to protect and keep your information secure; to authenticate your and used device details for the Website work and services optimization; store Website user preferences (language); to authenticate you (age) when launching a demo version of the products. These Cookies include both Session and Security Cookies.<br \/>\nThese are First Party Cookies. Please, note that if Essential Cookies are disabled, the Website use will be unavailable or partially inaccessible. These are First Party &amp; Third Party Cookies.<\/p>\n<h3>Session Cookies<\/h3>\n<p>These Cookies are enabled only for the duration of the Website usage (from the Website load and till its full closer). For Example: the overall time, including but not limited to the time spent in the demo version of the Website products; details of user device during the hole period of the Website use (including, but not limited to the geopositioned); to provide certain live chat sessions; performance issues identification.<\/p>\n<p>These are First Party &amp; Third Party Cookies. Please, note that if Session Cookies are disabled, you may experience some difficulties during usage of certain Website features.<\/p>\n<h3>Security Cookies<\/h3>\n<p>These Cookies are enabled exclusively for the user, Website and Third Parties collected data protection. For example: protection from the cross-website tracking; malware (including, but not limited to bots, spiders or other types of automatized or manually handed hacker attacks) due to user entering and\/or during the Website use; security issue identification.<\/p>\n<p>These are First Party &amp; Third Party Cookies. Please, note that if Security Cookies are disabled you may experience some difficulties during usage of the Website. You acknowledge and agree that all possible risks due to disabling the Security Cookies are taken by you.<\/p>\n<h3>Analytics Cookies<\/h3>\n<p>These Cookies are enabled for the purpose of collection of information as of the user\u2019s activities\/use of the Website and the Website overall performance. For example: the information regarding the device, time and preferred pages; the Website performance during users stay and use of the Website; to perform the site retargeting (a retargeting pixel) which helps to decide whether to display or not, a relevant advertising to you when the user is visiting certain websites with the retargeting network (Google Display Network).<\/p>\n<p>These are Third Party Cookies. Please, note that these Cookies are used to improve the overall Website performance. Without Analytics Cookies you will still be able to use and enjoy all features of this Website.<\/p>\n<h2>WEBSITE COOKIES TABLE<\/h2>\n<div class=\"table_wrapper\">\n<div class=\"item\">\n<div class=\"name\"><strong>Cookie Name<\/strong><\/div>\n<div class=\"type\"><strong>Type &amp; Retention time<\/strong><\/div>\n<div class=\"essential\"><strong>Essential for the Website correct functionality<\/strong><\/div>\n<div class=\"purpose\"><strong>Purpose of the Cookie<\/strong><\/div>\n<div class=\"controller\"><strong>Cookie related information controller<\/strong><\/div>\n<\/div>\n<div class=\"item\">\n<div class=\"name\">XSRF-TOKEN<\/div>\n<div class=\"type\">Security Cookie (Website session)<\/div>\n<div class=\"essential\">YES<\/div>\n<div class=\"purpose\">This Cookie is a security build-in feature to protect this Website. The Cookie does not allow cross-website tracking and merging of various other Cookie\u2019s identifiers into a user profile. This Cookie consists of unidentifiable values; thus, it cannot be used to personally identify the user.<\/div>\n<div class=\"controller\">Nuxgame<\/div>\n<\/div>\n<div class=\"item\">\n<div class=\"name no_padding\">\n<div class=\"border\">acceptPolicy<\/div>\n<div class=\"border\">checkedProxy<\/div>\n<div class=\"border\">lang_c<\/div>\n<div class=\"border\">nuxgame _session<\/div>\n<\/div>\n<div class=\"type\">Session Cookie<br \/>\n(120 minutes)<\/div>\n<div class=\"essential\">YES<\/div>\n<div class=\"purpose\">These Cookies remember the user Website state, page travel and preferences (language, cookies).<\/div>\n<div class=\"controller\">Nuxgame<\/div>\n<\/div>\n<div class=\"item\">\n<div class=\"name\">__cf_bm<\/div>\n<div class=\"type\">Analytics Cookie (Website session)<\/div>\n<div class=\"essential\">YES<\/div>\n<div class=\"purpose\">This Cookie protects Website against bots via the distinguish function &#8211; humans or bots. This Cookie grants the possibility to make valid reports on the use of the Website.<\/div>\n<div class=\"controller\">CloudFlare<\/div>\n<\/div>\n<div class=\"item\">\n<div class=\"name\">datr<\/div>\n<div class=\"type\">Security Cookies (Website session)<\/div>\n<div class=\"essential\">YES<\/div>\n<div class=\"purpose\">This Cookie identifies the browser which is used to connect to Facebook. It is a key Facebook security and fraud prevention Cookie.<\/div>\n<div class=\"controller\">Facebook<\/div>\n<\/div>\n<div class=\"item\">\n<div class=\"name\">wd<\/div>\n<div class=\"type\">Session Cookies (Website session)<\/div>\n<div class=\"essential\">NO<\/div>\n<div class=\"purpose\">This Cookie reads and remembers the screen resolution of users to adopt the best visual experience.<\/div>\n<div class=\"controller\">Facebook<\/div>\n<\/div>\n<div class=\"item\">\n<div class=\"name\">fr<\/div>\n<div class=\"type\">Session Cookies (Website session)<\/div>\n<div class=\"essential\">NO<\/div>\n<div class=\"purpose\">This Cookie is responsible for the correct ad delivery and retargeting of advertisings. This Cookie displays and measures the effectiveness and increases the relevance of advertising.<\/div>\n<div class=\"controller\">Facebook<\/div>\n<\/div>\n<div class=\"item\">\n<div class=\"name\">_fbp<\/div>\n<div class=\"type\">Analytics Cookies (Website session)<\/div>\n<div class=\"essential\">NO<\/div>\n<div class=\"purpose\">This Cookie is used to distinguish and keep track of users&#8217; visits across the Website.<\/div>\n<div class=\"controller\">Facebook<\/div>\n<\/div>\n<div class=\"item\">\n<div class=\"name\">SIDCC<\/div>\n<div class=\"type\">Security Cookies (Website session)<\/div>\n<div class=\"essential\">NO<\/div>\n<div class=\"purpose\">This Cookie protects user\u2019s data from unauthorized access<\/div>\n<div class=\"controller\">Google Analytics<\/div>\n<\/div>\n<div class=\"item\">\n<div class=\"name no_padding\">\n<div class=\"border\">SID<\/div>\n<div class=\"border\">HSID<\/div>\n<\/div>\n<div class=\"type\">Security Cookies (Website session)<\/div>\n<div class=\"essential\">NO<\/div>\n<div class=\"purpose\">This Cookie confirms and protects visitor authenticity, prevents fraudulent use of login data and protects user data from unauthorized access.<\/div>\n<div class=\"controller\">Google Analytics<\/div>\n<\/div>\n<div class=\"item\">\n<div class=\"name no_padding\">\n<div class=\"border\">__Secure-3PSID<\/div>\n<div class=\"border\">_Secure-3PAPISID<\/div>\n<div class=\"border\">__Secure-3PSIDCC<\/div>\n<\/div>\n<div class=\"type \">Security Cookies (Website session)<\/div>\n<div class=\"essential\">NO<\/div>\n<div class=\"purpose\">These Cookies build the profile of interests of the Website visitors. Cookies display and measure the effectiveness and increase the relevance of services advertising.<\/div>\n<div class=\"controller\">Google Analytics<\/div>\n<\/div>\n<div class=\"item\">\n<div class=\"name\">DV<\/div>\n<div class=\"type\">Security Cookies (Website session)<\/div>\n<div class=\"essential\">NO<\/div>\n<div class=\"purpose\">This Cookie helps to detect whether the user is a bot or not and stores user ReCaptcha decisions.<\/div>\n<div class=\"controller\">Google Analytics<\/div>\n<\/div>\n<div class=\"item\">\n<div class=\"name\">_ga<\/div>\n<div class=\"type\">Session\/Analytics Cookies (Website session)<\/div>\n<div class=\"essential\">NO<\/div>\n<div class=\"purpose\">This Cookie computes the number and duration of the user Website visit.<\/div>\n<div class=\"controller\">Google Analytics<\/div>\n<\/div>\n<div class=\"item\">\n<div class=\"name\">__gat_gtag_UA_170660750_1<\/div>\n<div class=\"type\">Session\/Analytics Cookies (Website session)<\/div>\n<div class=\"essential\">YES<\/div>\n<div class=\"purpose\">This Cookie throttles and reduces the speed of the server response time for the user requests while traveling on the Website.<\/div>\n<div class=\"controller\">Google Analytics<\/div>\n<\/div>\n<div class=\"item\">\n<div class=\"name\">_gid<\/div>\n<div class=\"type\">Session\/Analytics Cookies (Website session)<\/div>\n<div class=\"essential\">NO<\/div>\n<div class=\"purpose\">This Cookie records and generates statistical data about how the visitor uses the Website.<\/div>\n<div class=\"controller\">Google Analytics<\/div>\n<\/div>\n<div class=\"item\">\n<div class=\"name no_padding\">\n<div class=\"border\">APISID<\/div>\n<div class=\"border\">AID<\/div>\n<\/div>\n<div class=\"type no_padding\">\n<div class=\"border\">Analytics Cookies (Website session)<\/div>\n<div class=\"border\">Analytics Cookies (Website session)<\/div>\n<\/div>\n<div class=\"essential\">NO<\/div>\n<div class=\"purpose\">These Cookies help to collect recent user Website searches and overall webpage interactions.<\/div>\n<div class=\"controller\">Google Analytics<\/div>\n<\/div>\n<div class=\"item\">\n<div class=\"name\">NID<\/div>\n<div class=\"type\">Analytics Cookie (Website session)<\/div>\n<div class=\"essential\">NO<\/div>\n<div class=\"purpose\">This Cookie helps to detect whether the user is a bot or not and stores user ReCaptcha decisions.<\/div>\n<div class=\"controller\">Google Analytics<\/div>\n<\/div>\n<div class=\"item\">\n<div class=\"name\">SSID<\/div>\n<div class=\"type\">Analytics Cookie (Website session)<\/div>\n<div class=\"essential\">NO<\/div>\n<div class=\"purpose\">This Cookie collects data about user browsing sessions, with the aim to tailor browsing for the best user preferences.<\/div>\n<div class=\"controller\">Google Analytics<\/div>\n<\/div>\n<div class=\"item\">\n<div class=\"name\">SAPISID<\/div>\n<div class=\"type\">Analytics Cookie (Website session)<\/div>\n<div class=\"essential\">NO<\/div>\n<div class=\"purpose\">This Cookie remembers the user Website state, page travel and preferences (language, cookies) when viewing a page with Google hosted content.<\/div>\n<div class=\"controller\">Google Analytics<\/div>\n<\/div>\n<div class=\"item\">\n<div class=\"name no_padding\">\n<div class=\"border\">1P_JAR<\/div>\n<div class=\"border\">OTZ<\/div>\n<\/div>\n<div class=\"type\">Analytics Cookie (Website session)<\/div>\n<div class=\"essential\">NO<\/div>\n<div class=\"purpose\">These Cookies computes an aggregated analysis (statistic of from where; what search engine was used;) of the Website visitors.<\/div>\n<div class=\"controller\">Google Analytics<\/div>\n<\/div>\n<\/div>\n<p>If any Third Party operated services are mentioned in the Cookies Table, these may be used to track users\u2019 browsing habits in addition to the information specified herein and without the Nuxgame\u2019s or user\u2019s knowledge. For the complete information of collected information by a<br \/>\nrespective Third Party, advertise yourself with a respective privacy policy of such Third Party listed in the Cookies Table above.<\/p>\n<\/div>\n<\/div>\n<\/section>\n","protected":false},"excerpt":{"rendered":"<p>Cookie Policy This Cookie Policy (hereinafter \u201cPolicy\u201d) explains which information is gathered, how and for which purpose Cookies are needed. Below you can read more about Cookies and how to deactivate their appearance and storage. However, please pay attention that partial or full Cookies disabling may downgrade, fracture or prevent you from use of certain [&hellip;]<\/p>\n","protected":false},"author":1,"featured_media":0,"parent":0,"menu_order":0,"comment_status":"closed","ping_status":"closed","template":"","meta":{"_acf_changed":false,"footnotes":""},"class_list":["post-7244","page","type-page","status-publish","hentry"],"acf":[],"yoast_head":"<!-- This site is optimized with the Yoast SEO Premium plugin v27.0 (Yoast SEO v27.0) - https:\/\/yoast.com\/product\/yoast-seo-premium-wordpress\/ -->\n<title>Pol\u00edtica de cookies y preferencias | NuxGame<\/title>\n<meta name=\"description\" content=\"Lee qu\u00e9 cookies utilizamos, por qu\u00e9 las usamos, c\u00f3mo gestionar el consentimiento en tu navegador y consulta la lista completa de cookies propias y de terceros en nuestro sitio.\" \/>\n<meta name=\"robots\" content=\"index, follow, max-snippet:-1, max-image-preview:large, max-video-preview:-1\" \/>\n<link rel=\"canonical\" href=\"https:\/\/nuxgame.com\/es\/cookie-policy\" \/>\n<meta property=\"og:locale\" content=\"es_ES\" \/>\n<meta property=\"og:type\" content=\"article\" \/>\n<meta property=\"og:title\" content=\"Cookie Policy\" \/>\n<meta property=\"og:description\" content=\"Lee qu\u00e9 cookies utilizamos, por qu\u00e9 las usamos, c\u00f3mo gestionar el consentimiento en tu navegador y consulta la lista completa de cookies propias y de terceros en nuestro sitio.\" \/>\n<meta property=\"og:url\" content=\"https:\/\/nuxgame.com\/es\/cookie-policy\" \/>\n<meta property=\"og:site_name\" content=\"NuxGame\" \/>\n<meta property=\"article:publisher\" content=\"https:\/\/www.facebook.com\/nuxgame\/\" \/>\n<meta property=\"article:modified_time\" content=\"2026-03-03T07:46:57+00:00\" \/>\n<meta name=\"twitter:label1\" content=\"Est. reading time\" \/>\n\t<meta name=\"twitter:data1\" content=\"7 minutes\" \/>\n<script type=\"application\/ld+json\" class=\"yoast-schema-graph\">{\"@context\":\"https:\/\/schema.org\",\"@graph\":[{\"@type\":\"WebPage\",\"@id\":\"https:\/\/nuxgame.com\/es\/cookie-policy\",\"url\":\"https:\/\/nuxgame.com\/es\/cookie-policy\",\"name\":\"Pol\u00edtica de cookies y preferencias | NuxGame\",\"isPartOf\":{\"@id\":\"https:\/\/nuxgame.com\/es\/#website\"},\"datePublished\":\"2025-08-07T12:56:48+00:00\",\"dateModified\":\"2026-03-03T07:46:57+00:00\",\"description\":\"Lee qu\u00e9 cookies utilizamos, por qu\u00e9 las usamos, c\u00f3mo gestionar el consentimiento en tu navegador y consulta la lista completa de cookies propias y de terceros en nuestro sitio.\",\"breadcrumb\":{\"@id\":\"https:\/\/nuxgame.com\/es\/cookie-policy#breadcrumb\"},\"inLanguage\":\"es-ES\",\"potentialAction\":[{\"@type\":\"ReadAction\",\"target\":[\"https:\/\/nuxgame.com\/es\/cookie-policy\"]}]},{\"@type\":\"BreadcrumbList\",\"@id\":\"https:\/\/nuxgame.com\/es\/cookie-policy#breadcrumb\",\"itemListElement\":[{\"@type\":\"ListItem\",\"position\":1,\"name\":\"iGaming Software Provider\",\"item\":\"https:\/\/nuxgame.com\/es\"},{\"@type\":\"ListItem\",\"position\":2,\"name\":\"Cookie Policy\"}]},{\"@type\":\"WebSite\",\"@id\":\"https:\/\/nuxgame.com\/es\/#website\",\"url\":\"https:\/\/nuxgame.com\/es\/\",\"name\":\"NuxGame\",\"description\":\"\",\"publisher\":{\"@id\":\"https:\/\/nuxgame.com\/es\/#organization\"},\"potentialAction\":[{\"@type\":\"SearchAction\",\"target\":{\"@type\":\"EntryPoint\",\"urlTemplate\":\"https:\/\/nuxgame.com\/es\/?s={search_term_string}\"},\"query-input\":{\"@type\":\"PropertyValueSpecification\",\"valueRequired\":true,\"valueName\":\"search_term_string\"}}],\"inLanguage\":\"es-ES\"},{\"@type\":\"Organization\",\"@id\":\"https:\/\/nuxgame.com\/es\/#organization\",\"name\":\"NuxGame\",\"url\":\"https:\/\/nuxgame.com\/es\/\",\"logo\":{\"@type\":\"ImageObject\",\"inLanguage\":\"es-ES\",\"@id\":\"https:\/\/nuxgame.com\/es\/#\/schema\/logo\/image\/\",\"url\":\"https:\/\/nuxgame.com\/wp-content\/uploads\/2025\/04\/logo-1.svg\",\"contentUrl\":\"https:\/\/nuxgame.com\/wp-content\/uploads\/2025\/04\/logo-1.svg\",\"caption\":\"NuxGame\"},\"image\":{\"@id\":\"https:\/\/nuxgame.com\/es\/#\/schema\/logo\/image\/\"},\"sameAs\":[\"https:\/\/www.facebook.com\/nuxgame\/\",\"https:\/\/www.linkedin.com\/company\/nuxgame\/\"]}]}<\/script>\n<!-- \/ Yoast SEO Premium plugin. -->","yoast_head_json":{"title":"Pol\u00edtica de cookies y preferencias | NuxGame","description":"Lee qu\u00e9 cookies utilizamos, por qu\u00e9 las usamos, c\u00f3mo gestionar el consentimiento en tu navegador y consulta la lista completa de cookies propias y de terceros en nuestro sitio.","robots":{"index":"index","follow":"follow","max-snippet":"max-snippet:-1","max-image-preview":"max-image-preview:large","max-video-preview":"max-video-preview:-1"},"canonical":"https:\/\/nuxgame.com\/es\/cookie-policy","og_locale":"es_ES","og_type":"article","og_title":"Cookie Policy","og_description":"Lee qu\u00e9 cookies utilizamos, por qu\u00e9 las usamos, c\u00f3mo gestionar el consentimiento en tu navegador y consulta la lista completa de cookies propias y de terceros en nuestro sitio.","og_url":"https:\/\/nuxgame.com\/es\/cookie-policy","og_site_name":"NuxGame","article_publisher":"https:\/\/www.facebook.com\/nuxgame\/","article_modified_time":"2026-03-03T07:46:57+00:00","twitter_misc":{"Est. reading time":"7 minutes"},"schema":{"@context":"https:\/\/schema.org","@graph":[{"@type":"WebPage","@id":"https:\/\/nuxgame.com\/es\/cookie-policy","url":"https:\/\/nuxgame.com\/es\/cookie-policy","name":"Pol\u00edtica de cookies y preferencias | NuxGame","isPartOf":{"@id":"https:\/\/nuxgame.com\/es\/#website"},"datePublished":"2025-08-07T12:56:48+00:00","dateModified":"2026-03-03T07:46:57+00:00","description":"Lee qu\u00e9 cookies utilizamos, por qu\u00e9 las usamos, c\u00f3mo gestionar el consentimiento en tu navegador y consulta la lista completa de cookies propias y de terceros en nuestro sitio.","breadcrumb":{"@id":"https:\/\/nuxgame.com\/es\/cookie-policy#breadcrumb"},"inLanguage":"es-ES","potentialAction":[{"@type":"ReadAction","target":["https:\/\/nuxgame.com\/es\/cookie-policy"]}]},{"@type":"BreadcrumbList","@id":"https:\/\/nuxgame.com\/es\/cookie-policy#breadcrumb","itemListElement":[{"@type":"ListItem","position":1,"name":"iGaming Software Provider","item":"https:\/\/nuxgame.com\/es"},{"@type":"ListItem","position":2,"name":"Cookie Policy"}]},{"@type":"WebSite","@id":"https:\/\/nuxgame.com\/es\/#website","url":"https:\/\/nuxgame.com\/es\/","name":"NuxGame","description":"","publisher":{"@id":"https:\/\/nuxgame.com\/es\/#organization"},"potentialAction":[{"@type":"SearchAction","target":{"@type":"EntryPoint","urlTemplate":"https:\/\/nuxgame.com\/es\/?s={search_term_string}"},"query-input":{"@type":"PropertyValueSpecification","valueRequired":true,"valueName":"search_term_string"}}],"inLanguage":"es-ES"},{"@type":"Organization","@id":"https:\/\/nuxgame.com\/es\/#organization","name":"NuxGame","url":"https:\/\/nuxgame.com\/es\/","logo":{"@type":"ImageObject","inLanguage":"es-ES","@id":"https:\/\/nuxgame.com\/es\/#\/schema\/logo\/image\/","url":"https:\/\/nuxgame.com\/wp-content\/uploads\/2025\/04\/logo-1.svg","contentUrl":"https:\/\/nuxgame.com\/wp-content\/uploads\/2025\/04\/logo-1.svg","caption":"NuxGame"},"image":{"@id":"https:\/\/nuxgame.com\/es\/#\/schema\/logo\/image\/"},"sameAs":["https:\/\/www.facebook.com\/nuxgame\/","https:\/\/www.linkedin.com\/company\/nuxgame\/"]}]}},"_links":{"self":[{"href":"https:\/\/nuxgame.com\/es\/wp-json\/wp\/v2\/pages\/7244","targetHints":{"allow":["GET"]}}],"collection":[{"href":"https:\/\/nuxgame.com\/es\/wp-json\/wp\/v2\/pages"}],"about":[{"href":"https:\/\/nuxgame.com\/es\/wp-json\/wp\/v2\/types\/page"}],"author":[{"embeddable":true,"href":"https:\/\/nuxgame.com\/es\/wp-json\/wp\/v2\/users\/1"}],"replies":[{"embeddable":true,"href":"https:\/\/nuxgame.com\/es\/wp-json\/wp\/v2\/comments?post=7244"}],"version-history":[{"count":0,"href":"https:\/\/nuxgame.com\/es\/wp-json\/wp\/v2\/pages\/7244\/revisions"}],"wp:attachment":[{"href":"https:\/\/nuxgame.com\/es\/wp-json\/wp\/v2\/media?parent=7244"}],"curies":[{"name":"wp","href":"https:\/\/api.w.org\/{rel}","templated":true}]}}