{"id":4612,"date":"2025-04-22T16:22:29","date_gmt":"2025-04-22T16:22:29","guid":{"rendered":"https:\/\/nux.wpenginepowered.com\/home"},"modified":"2026-03-02T14:34:23","modified_gmt":"2026-03-02T14:34:23","slug":"home","status":"publish","type":"page","link":"https:\/\/nuxgame.com\/pt-br","title":{"rendered":"Home"},"content":{"rendered":"","protected":false},"excerpt":{"rendered":"","protected":false},"author":1,"featured_media":0,"parent":0,"menu_order":0,"comment_status":"closed","ping_status":"closed","template":"templates\/acf-flexible-content.php","meta":{"_acf_changed":false,"footnotes":""},"class_list":["post-4612","page","type-page","status-publish","hentry"],"acf":[],"yoast_head":"<!-- This site is optimized with the Yoast SEO Premium plugin v27.4 (Yoast SEO v27.4) - https:\/\/yoast.com\/product\/yoast-seo-premium-wordpress\/ -->\n<title>Software de sistema de apostas e jogos de azar | Fornecedor de Plataforma iGaming | NuxGame<\/title>\n<meta name=\"description\" content=\"NuxGame \u00e9 um provedor que oferece integra\u00e7\u00e3o r\u00e1pida de software de apostas. Crie um site de apostas ou integre o conte\u00fado do cassino - o que quer que voc\u00ea escolha, n\u00f3s te ajudaremos. Plataforma de apostas completa, software de cassino, suporte t\u00e9cnico 24 horas por dia, 7 dias por semana\" \/>\n<meta name=\"robots\" content=\"index, follow, max-snippet:-1, max-image-preview:large, max-video-preview:-1\" \/>\n<link rel=\"canonical\" href=\"https:\/\/nuxgame.com\/pt-br\" \/>\n<meta property=\"og:locale\" content=\"pt_BR\" \/>\n<meta property=\"og:type\" content=\"article\" \/>\n<meta property=\"og:title\" content=\"Software de sistema de apostas e jogos de azar | Fornecedor de Plataforma iGaming | NuxGame\" \/>\n<meta property=\"og:description\" content=\"NuxGame \u00e9 um provedor que oferece integra\u00e7\u00e3o r\u00e1pida de software de apostas. Crie um site de apostas ou integre o conte\u00fado do cassino - o que quer que voc\u00ea escolha, n\u00f3s te ajudaremos. Plataforma de apostas completa, software de cassino, suporte t\u00e9cnico 24 horas por dia, 7 dias por semana\" \/>\n<meta property=\"og:url\" content=\"https:\/\/nuxgame.com\/pt-br\" \/>\n<meta property=\"og:site_name\" content=\"NuxGame\" \/>\n<meta property=\"article:publisher\" content=\"https:\/\/www.facebook.com\/nuxgame\/\" \/>\n<meta property=\"article:modified_time\" content=\"2026-03-02T14:34:23+00:00\" \/>\n<meta property=\"og:image\" content=\"https:\/\/nuxgame.com\/wp-content\/uploads\/2025\/04\/main-banner-img-1.webp\" \/>\n<script type=\"application\/ld+json\" class=\"yoast-schema-graph\">{\"@context\":\"https:\\\/\\\/schema.org\",\"@graph\":[{\"@type\":\"WebPage\",\"@id\":\"https:\\\/\\\/nuxgame.com\\\/pt-br\",\"url\":\"https:\\\/\\\/nuxgame.com\\\/pt-br\",\"name\":\"Software de sistema de apostas e jogos de azar | Fornecedor de Plataforma iGaming | NuxGame\",\"isPartOf\":{\"@id\":\"https:\\\/\\\/nuxgame.com\\\/pt-br\\\/#website\"},\"datePublished\":\"2025-04-22T16:22:29+00:00\",\"dateModified\":\"2026-03-02T14:34:23+00:00\",\"description\":\"NuxGame \u00e9 um provedor que oferece integra\u00e7\u00e3o r\u00e1pida de software de apostas. Crie um site de apostas ou integre o conte\u00fado do cassino - o que quer que voc\u00ea escolha, n\u00f3s te ajudaremos. Plataforma de apostas completa, software de cassino, suporte t\u00e9cnico 24 horas por dia, 7 dias por semana\",\"breadcrumb\":{\"@id\":\"https:\\\/\\\/nuxgame.com\\\/pt-br#breadcrumb\"},\"inLanguage\":\"pt-BR\",\"potentialAction\":[{\"@type\":\"ReadAction\",\"target\":[\"https:\\\/\\\/nuxgame.com\\\/pt-br\"]}]},{\"@type\":\"BreadcrumbList\",\"@id\":\"https:\\\/\\\/nuxgame.com\\\/pt-br#breadcrumb\",\"itemListElement\":[{\"@type\":\"ListItem\",\"position\":1,\"name\":\"iGaming Software Provider\",\"item\":\"https:\\\/\\\/nuxgame.com\\\/pt-br\"},{\"@type\":\"ListItem\",\"position\":2,\"name\":\"Home\"}]},{\"@type\":\"WebSite\",\"@id\":\"https:\\\/\\\/nuxgame.com\\\/pt-br\\\/#website\",\"url\":\"https:\\\/\\\/nuxgame.com\\\/pt-br\\\/\",\"name\":\"NuxGame\",\"description\":\"\",\"publisher\":{\"@id\":\"https:\\\/\\\/nuxgame.com\\\/pt-br\\\/#organization\"},\"potentialAction\":[{\"@type\":\"SearchAction\",\"target\":{\"@type\":\"EntryPoint\",\"urlTemplate\":\"https:\\\/\\\/nuxgame.com\\\/pt-br\\\/?s={search_term_string}\"},\"query-input\":{\"@type\":\"PropertyValueSpecification\",\"valueRequired\":true,\"valueName\":\"search_term_string\"}}],\"inLanguage\":\"pt-BR\"},{\"@type\":\"Organization\",\"@id\":\"https:\\\/\\\/nuxgame.com\\\/pt-br\\\/#organization\",\"name\":\"NuxGame\",\"url\":\"https:\\\/\\\/nuxgame.com\\\/pt-br\\\/\",\"logo\":{\"@type\":\"ImageObject\",\"inLanguage\":\"pt-BR\",\"@id\":\"https:\\\/\\\/nuxgame.com\\\/pt-br\\\/#\\\/schema\\\/logo\\\/image\\\/\",\"url\":\"https:\\\/\\\/nuxgame.com\\\/wp-content\\\/uploads\\\/2025\\\/04\\\/logo-1.svg\",\"contentUrl\":\"https:\\\/\\\/nuxgame.com\\\/wp-content\\\/uploads\\\/2025\\\/04\\\/logo-1.svg\",\"caption\":\"NuxGame\"},\"image\":{\"@id\":\"https:\\\/\\\/nuxgame.com\\\/pt-br\\\/#\\\/schema\\\/logo\\\/image\\\/\"},\"sameAs\":[\"https:\\\/\\\/www.facebook.com\\\/nuxgame\\\/\",\"https:\\\/\\\/www.linkedin.com\\\/company\\\/nuxgame\\\/\"]}]}<\/script>\n<!-- \/ Yoast SEO Premium plugin. -->","yoast_head_json":{"title":"Software de sistema de apostas e jogos de azar | Fornecedor de Plataforma iGaming | NuxGame","description":"NuxGame \u00e9 um provedor que oferece integra\u00e7\u00e3o r\u00e1pida de software de apostas. Crie um site de apostas ou integre o conte\u00fado do cassino - o que quer que voc\u00ea escolha, n\u00f3s te ajudaremos. Plataforma de apostas completa, software de cassino, suporte t\u00e9cnico 24 horas por dia, 7 dias por semana","robots":{"index":"index","follow":"follow","max-snippet":"max-snippet:-1","max-image-preview":"max-image-preview:large","max-video-preview":"max-video-preview:-1"},"canonical":"https:\/\/nuxgame.com\/pt-br","og_locale":"pt_BR","og_type":"article","og_title":"Software de sistema de apostas e jogos de azar | Fornecedor de Plataforma iGaming | NuxGame","og_description":"NuxGame \u00e9 um provedor que oferece integra\u00e7\u00e3o r\u00e1pida de software de apostas. Crie um site de apostas ou integre o conte\u00fado do cassino - o que quer que voc\u00ea escolha, n\u00f3s te ajudaremos. Plataforma de apostas completa, software de cassino, suporte t\u00e9cnico 24 horas por dia, 7 dias por semana","og_url":"https:\/\/nuxgame.com\/pt-br","og_site_name":"NuxGame","article_publisher":"https:\/\/www.facebook.com\/nuxgame\/","article_modified_time":"2026-03-02T14:34:23+00:00","og_image":[{"url":"https:\/\/nuxgame.com\/wp-content\/uploads\/2025\/04\/main-banner-img-1.webp","type":"","width":"","height":""}],"schema":{"@context":"https:\/\/schema.org","@graph":[{"@type":"WebPage","@id":"https:\/\/nuxgame.com\/pt-br","url":"https:\/\/nuxgame.com\/pt-br","name":"Software de sistema de apostas e jogos de azar | Fornecedor de Plataforma iGaming | NuxGame","isPartOf":{"@id":"https:\/\/nuxgame.com\/pt-br\/#website"},"datePublished":"2025-04-22T16:22:29+00:00","dateModified":"2026-03-02T14:34:23+00:00","description":"NuxGame \u00e9 um provedor que oferece integra\u00e7\u00e3o r\u00e1pida de software de apostas. Crie um site de apostas ou integre o conte\u00fado do cassino - o que quer que voc\u00ea escolha, n\u00f3s te ajudaremos. Plataforma de apostas completa, software de cassino, suporte t\u00e9cnico 24 horas por dia, 7 dias por semana","breadcrumb":{"@id":"https:\/\/nuxgame.com\/pt-br#breadcrumb"},"inLanguage":"pt-BR","potentialAction":[{"@type":"ReadAction","target":["https:\/\/nuxgame.com\/pt-br"]}]},{"@type":"BreadcrumbList","@id":"https:\/\/nuxgame.com\/pt-br#breadcrumb","itemListElement":[{"@type":"ListItem","position":1,"name":"iGaming Software Provider","item":"https:\/\/nuxgame.com\/pt-br"},{"@type":"ListItem","position":2,"name":"Home"}]},{"@type":"WebSite","@id":"https:\/\/nuxgame.com\/pt-br\/#website","url":"https:\/\/nuxgame.com\/pt-br\/","name":"NuxGame","description":"","publisher":{"@id":"https:\/\/nuxgame.com\/pt-br\/#organization"},"potentialAction":[{"@type":"SearchAction","target":{"@type":"EntryPoint","urlTemplate":"https:\/\/nuxgame.com\/pt-br\/?s={search_term_string}"},"query-input":{"@type":"PropertyValueSpecification","valueRequired":true,"valueName":"search_term_string"}}],"inLanguage":"pt-BR"},{"@type":"Organization","@id":"https:\/\/nuxgame.com\/pt-br\/#organization","name":"NuxGame","url":"https:\/\/nuxgame.com\/pt-br\/","logo":{"@type":"ImageObject","inLanguage":"pt-BR","@id":"https:\/\/nuxgame.com\/pt-br\/#\/schema\/logo\/image\/","url":"https:\/\/nuxgame.com\/wp-content\/uploads\/2025\/04\/logo-1.svg","contentUrl":"https:\/\/nuxgame.com\/wp-content\/uploads\/2025\/04\/logo-1.svg","caption":"NuxGame"},"image":{"@id":"https:\/\/nuxgame.com\/pt-br\/#\/schema\/logo\/image\/"},"sameAs":["https:\/\/www.facebook.com\/nuxgame\/","https:\/\/www.linkedin.com\/company\/nuxgame\/"]}]}},"_links":{"self":[{"href":"https:\/\/nuxgame.com\/pt-br\/wp-json\/wp\/v2\/pages\/4612","targetHints":{"allow":["GET"]}}],"collection":[{"href":"https:\/\/nuxgame.com\/pt-br\/wp-json\/wp\/v2\/pages"}],"about":[{"href":"https:\/\/nuxgame.com\/pt-br\/wp-json\/wp\/v2\/types\/page"}],"author":[{"embeddable":true,"href":"https:\/\/nuxgame.com\/pt-br\/wp-json\/wp\/v2\/users\/1"}],"replies":[{"embeddable":true,"href":"https:\/\/nuxgame.com\/pt-br\/wp-json\/wp\/v2\/comments?post=4612"}],"version-history":[{"count":0,"href":"https:\/\/nuxgame.com\/pt-br\/wp-json\/wp\/v2\/pages\/4612\/revisions"}],"wp:attachment":[{"href":"https:\/\/nuxgame.com\/pt-br\/wp-json\/wp\/v2\/media?parent=4612"}],"curies":[{"name":"wp","href":"https:\/\/api.w.org\/{rel}","templated":true}]}}